{"id":11,"date":"2025-01-30T11:27:25","date_gmt":"2025-01-30T10:27:25","guid":{"rendered":"http:\/\/www.manfredpaar.at\/wordpress\/?page_id=11"},"modified":"2025-02-27T11:53:43","modified_gmt":"2025-02-27T10:53:43","slug":"bio","status":"publish","type":"page","link":"https:\/\/www.manfredpaar.at\/wordpress\/?page_id=11","title":{"rendered":"Vita"},"content":{"rendered":"\n<p class=\"has-text-align-center\">Am 24. Juli 1973 in Neunkirchen \/ \u00d6sterreich geboren, wurde sein kreatives Talent bereits im Kindesalter erkannt. Durch sein Interesse an Kunst und Design und seiner T\u00e4tigkeit in Architekturb\u00fcros stand stets das Gestalterische im Blickpunkt seiner Arbeit.<\/p>\n\n\n\n<p class=\"has-text-align-center\">Immer auf der Suche nach dem besonderen Ausdruck in seiner Arbeit, m\u00f6chte er einen einzigartigen und unverwechselbaren Stil entwickeln und so als K\u00fcnstler eine Handschrift mit Wiedererkennungswert erlangen, die sich durch seine Werke wie ein roter Faden ziehen soll.<\/p>\n\n\n\n<p class=\"has-text-align-center\">Manfred PAAR m\u00f6chte nicht auf einen bestimmten Stil festgelegt werden oder sich durch die Themen seiner Bilder in Schubladen dr\u00e4ngen lassen. Er sieht seine Arbeit als spannende Reise, die sich fortlaufend weiterentwickeln soll &#8211; und wenn er eine Nische besetze, dann macht er dies bewusst \u2013 immer mit der Gewissheit &#8211; sie auch jederzeit wieder verlassen zu k\u00f6nnen.<\/p>\n\n\n\n<p class=\"has-text-align-center\">In einer dieser Nischen besch\u00e4ftigt sich manfred PAAR mit Ikonen des Automobilbaus und m\u00f6chte diesen in seinen Arbeiten damit ein Denkmal setzen. Die zu Blech (oder Alu) gewordenen Kunstwerke auf 4 R\u00e4der sind f\u00fcr viele der Inbegriff f\u00fcr Leidenschaft, \u00c4sthetik und technischer H\u00f6chstleistung zugleich. Dieser Leidenschaft versucht PAAR in \u00e4sthetischen \u201eKompositionen\u201c stilvoll Ausdruck zu verleihen.<\/p>\n\n\n\n<p class=\"has-text-align-center\">manfred PAAR f\u00fchrt auch Auftragsarbeiten aus bei denen Bildgr\u00f6\u00dfe, Motive und Farbkompositionen vom Kunden mitbestimmt werden k\u00f6nnen. Die bevorzugten Materialien von manfred PAAR sind Acryl auf Leinwand.<\/p>\n\n\n\n<p class=\"has-text-align-center\">In zahlreichen Einzel- und Gemeinschaftsausstellungen hatte PAAR bereits die M\u00f6glichkeit seine Werke einem interessierten Publikum n\u00e4her zu bringen.<\/p>\n\n\n\n<p class=\"has-text-align-center\">Die Arbeiten von manfred PAAR finden sich in Privatsammlungen u.a. in Wien, Mexico City, Berlin und New York.<\/p>\n\n\n\n<p class=\"has-text-align-center\">www.manfredPAAR.at<br>Mitglied der Kulturvernetzung N\u00d6<\/p>\n\n\n\n<p><\/p>\n","protected":false},"excerpt":{"rendered":"<p>Am 24. Juli 1973 in Neunkirchen \/ \u00d6sterreich geboren, wurde sein kreatives Talent bereits im Kindesalter erkannt. Durch sein Interesse an Kunst und Design und seiner T\u00e4tigkeit in Architekturb\u00fcros stand stets das Gestalterische im Blickpunkt seiner Arbeit. Immer auf der Suche nach dem besonderen Ausdruck in seiner Arbeit, m\u00f6chte er einen einzigartigen und unverwechselbaren Stil <a href=\"https:\/\/www.manfredpaar.at\/wordpress\/?page_id=11\" class=\"read-more\"> <i class=\"ion-ios-arrow-right read-more-right\"><\/i><\/a><\/p>\n","protected":false},"author":1,"featured_media":74,"parent":0,"menu_order":0,"comment_status":"closed","ping_status":"closed","template":"","meta":{"footnotes":""},"class_list":["post-11","page","type-page","status-publish","has-post-thumbnail","hentry"],"_links":{"self":[{"href":"https:\/\/www.manfredpaar.at\/wordpress\/index.php?rest_route=\/wp\/v2\/pages\/11","targetHints":{"allow":["GET"]}}],"collection":[{"href":"https:\/\/www.manfredpaar.at\/wordpress\/index.php?rest_route=\/wp\/v2\/pages"}],"about":[{"href":"https:\/\/www.manfredpaar.at\/wordpress\/index.php?rest_route=\/wp\/v2\/types\/page"}],"author":[{"embeddable":true,"href":"https:\/\/www.manfredpaar.at\/wordpress\/index.php?rest_route=\/wp\/v2\/users\/1"}],"replies":[{"embeddable":true,"href":"https:\/\/www.manfredpaar.at\/wordpress\/index.php?rest_route=%2Fwp%2Fv2%2Fcomments&post=11"}],"version-history":[{"count":16,"href":"https:\/\/www.manfredpaar.at\/wordpress\/index.php?rest_route=\/wp\/v2\/pages\/11\/revisions"}],"predecessor-version":[{"id":633,"href":"https:\/\/www.manfredpaar.at\/wordpress\/index.php?rest_route=\/wp\/v2\/pages\/11\/revisions\/633"}],"wp:featuredmedia":[{"embeddable":true,"href":"https:\/\/www.manfredpaar.at\/wordpress\/index.php?rest_route=\/wp\/v2\/media\/74"}],"wp:attachment":[{"href":"https:\/\/www.manfredpaar.at\/wordpress\/index.php?rest_route=%2Fwp%2Fv2%2Fmedia&parent=11"}],"curies":[{"name":"wp","href":"https:\/\/api.w.org\/{rel}","templated":true}]}}